{"id":121,"date":"2022-10-23T16:50:05","date_gmt":"2022-10-23T15:50:05","guid":{"rendered":"http:\/\/shanemeadows.co.uk\/app-di-collegamento-gratuite\/"},"modified":"2022-10-27T15:10:02","modified_gmt":"2022-10-27T14:10:02","slug":"app-di-collegamento-gratuite","status":"publish","type":"page","link":"http:\/\/shanemeadows.co.uk\/it\/","title":{"rendered":"App di collegamento gratuite"},"content":{"rendered":"<p><img loading=\"lazy\" class=\"aligncenter size-full wp-image-60\" src=\"http:\/\/shanemeadows.co.uk\/wp-content\/uploads\/2022\/10\/adult-sex-websites.webp\" alt=\"\" width=\"1125\" height=\"750\" srcset=\"http:\/\/shanemeadows.co.uk\/wp-content\/uploads\/2022\/10\/adult-sex-websites.webp 1125w, http:\/\/shanemeadows.co.uk\/wp-content\/uploads\/2022\/10\/adult-sex-websites-300x200.webp 300w, http:\/\/shanemeadows.co.uk\/wp-content\/uploads\/2022\/10\/adult-sex-websites-1024x683.webp 1024w, http:\/\/shanemeadows.co.uk\/wp-content\/uploads\/2022\/10\/adult-sex-websites-768x512.webp 768w\" sizes=\"(max-width: 1125px) 100vw, 1125px\" \/><\/p>\n<p>I single di appuntamenti casuali possono essere trovati su app di collegamento gratuite. Queste app consentono agli utenti di trovare potenziali partner per appuntamenti casuali senza doversi impegnare in una relazione in piena regola.<\/p>\n<p>Questo pu\u00f2 essere un ottimo modo per esplorare nuove relazioni senza la pressione di una relazione impegnata. Queste app possono essere un modo divertente per incontrare nuove persone e potenzialmente trovare qualcuno con cui uscire.<\/p>\n<h2>Incontra single per appuntamenti<\/h2>\n<p>&#8220;Incontra single per appuntamenti&#8221; pu\u00f2 significare molte cose diverse, ma nel contesto delle app di collegamento gratuite, in genere significa trovare qualcuno con cui uscire o fare sesso. Queste app sono progettate per aiutarti a trovare persone nella tua zona che stanno cercando la stessa cosa che sei, che si tratti di un collegamento casuale, una situazione di amici con benefici o una relazione in piena regola. Sono ottimi strumenti per trovare persone che condividono i tuoi interessi e vogliono le stesse cose che fai tu.<\/p>\n<p>Molte di queste app offrono anche funzionalit\u00e0 di messaggistica e chat gratuite, in modo da poter conoscere potenziali appuntamenti prima di incontrarsi di persona. Questo pu\u00f2 essere un ottimo modo per evitare primi appuntamenti imbarazzanti e assicurarti di essere compatibile con qualcuno prima di investire tempo o energia in loro. Inoltre, \u00e8 sempre bello avere opzioni!<\/p>\n<h3>FriendFinder-X<\/h3>\n<p>FriendFinder-X \u00e8 una delle migliori app di collegamento gratuite sul mercato. Ti aiuta a trovare qualcuno per un collegamento casuale facilmente e rapidamente. L&#8217;app ha un&#8217;interfaccia molto user-friendly e puoi iniziare a usarla subito.<\/p>\n<p>Poich\u00e9 si tratta di un&#8217;app di collegamento gratuita, puoi aspettarti di trovare molte persone che cercano un collegamento casuale. Questo ti rende facile trovare qualcuno con cui collegarti rapidamente. L&#8217;app ha anche un&#8217;ottima valutazione sull&#8217;App Store, il che significa che \u00e8 affidabile e affidabile.<\/p>\n<p>FriendFinder-X \u00e8 un&#8217;eccellente app di collegamento gratuita e vale sicuramente la pena dare un&#8217;occhiata se stai cercando qualcosa di casual.<\/p>\n<h3>TinderMeets<\/h3>\n<p>Dobbiamo dire che siamo rimasti piuttosto colpiti da TinderMeets. \u00c8 un sito davvero ben progettato e facile da usare e sembra avere una base di utenti davvero ampia. Questa \u00e8 sicuramente una delle migliori app di collegamento gratuite l\u00e0 fuori.<\/p>\n<p>Una delle cose che ci \u00e8 piaciuta di pi\u00f9 di TinderMeets \u00e8 il fatto che \u00e8 cos\u00ec facile da usare. Puoi registrarti rapidamente e facilmente e non \u00e8 necessario fornire alcuna informazione personale oltre al tuo indirizzo email. Questo lo rende un&#8217;ottima scelta per le persone che sono alla ricerca di un collegamento facile e veloce.<\/p>\n<p>TinderMeets ha anche un ottimo sistema di corrispondenza. Utilizza un algoritmo per trovare potenziali corrispondenze per te e sembra funzionare davvero bene. Abbiamo trovato alcune ottime partite sul sito e non abbiamo avuto problemi a metterci in contatto con loro.<\/p>\n<p>Siamo rimasti davvero colpiti da TinderMeets.<\/p>\n<h3>Badoo \u00b7<\/h3>\n<p>Badoo \u00e8 una delle app di collegamento gratuite pi\u00f9 popolari al mondo. Ha una vasta base di utenti e puoi trovare persone da tutto il mondo.<\/p>\n<p>Puoi usarlo per trovare persone vicino a te o trovare persone che viaggiano. \u00c8 un ottimo modo per incontrare nuove persone.<\/p>\n<h3>AdultFriendFinder<\/h3>\n<p>AdultFriendFinder \u00e8 una delle app di collegamento gratuite pi\u00f9 popolari al mondo. Ha un&#8217;enorme base di utenti e un&#8217;ampia variet\u00e0 di modi per connettersi con altri utenti, rendendolo una scelta eccellente per chi cerca incontri casuali.<\/p>\n<p>L&#8217;app \u00e8 facile da usare e pu\u00f2 essere navigata da chiunque, indipendentemente dall&#8217;esperienza con gli appuntamenti online. Ha anche un&#8217;interfaccia molto user-friendly, che rende facile trovare corrispondenze e interagire con loro.<\/p>\n<h2>Come collegarsi online<\/h2>\n<p>Ci sono molte app di collegamento gratuite che puoi scaricare sul tuo telefono. Uno dei pi\u00f9 popolari si chiama Tinder. Con Tinder, scorri semplicemente verso destra se sei interessato a qualcuno e verso sinistra se non lo sei.<\/p>\n<p>Se entrambe le persone scorrono verso destra, sono in grado di chattare tra loro. Un&#8217;altra popolare app di collegamento gratuita si chiama Grindr. Grindr \u00e8 specifico per uomini gay e bisessuali e consente agli utenti di vedere chi si trova nelle vicinanze in modo che possano incontrarsi.<\/p>\n<p>Se stai cercando un collegamento pi\u00f9 casual, ci sono molte altre app che puoi usare. Bumble, ad esempio, \u00e8 simile a Tinder ma mette la donna in controllo. Se due persone scorrono verso destra l&#8217;una sull&#8217;altra, sono in grado di chattare.<\/p>\n<p>Tuttavia, se la donna non avvia una conversazione entro 24 ore, la corrispondenza scade.<\/p>\n<p>Se non sei sicuro di quale app utilizzare, chiedi consigli ai tuoi amici. Probabilmente sapranno quali sono i migliori e pi\u00f9 facili da usare.<\/p>\n<h2>Incontra per sesso occasionale<\/h2>\n<p>Trovare qualcuno per il sesso occasionale pu\u00f2 essere complicato, ma per fortuna ci sono molte app e siti Web che lo rendono facile. Tinder, Grindr e Bumble sono tutte popolari app di appuntamenti che consentono agli utenti di scorrere le foto di potenziali partner e scorrere verso destra se sono interessati, o verso sinistra se non lo sono. Se due utenti scorrono verso destra l&#8217;uno sull&#8217;altro, vengono abbinati e possono iniziare a chattare.<\/p>\n<p>Ci sono anche siti web come Ashley Madison specificamente per le persone in cerca di affari. Questi siti Web e app sono ottimi per trovare qualcuno con cui avere un&#8217;avventura di una notte, ma \u00e8 importante essere sicuri e utilizzare la protezione.<\/p>\n<p><script type=\"application\/ld+json\">{\"@context\":\"https:\/\/schema.org\",\"@type\":\"FAQPage\",\"mainEntity\":[{\"@type\":\"Question\",\"name\":\"What are the most popular free hookup apps?\",\"acceptedAnswer\":{\"@type\":\"Answer\",\"text\":\"There are a number of free hookup apps that are popular among users. Some of the most popular ones include Tinder, Grindr, and Happn. These apps allow users to connect with others in their area for dating or casual encounters.\"}},{\"@type\":\"Question\",\"name\":\"How do free hookup apps work?\",\"acceptedAnswer\":{\"@type\":\"Answer\",\"text\":\"There are a few different ways that free hookup apps work. One way is that they require you to sign up and create an account in order to use the app. This requires you to provide some personal information, such as your name, email address, and age. Once you have created an account, you can begin using the app. Another way that free hookup apps work is by providing you with matches based on your interests and preferences. The app will show you a list of potential matches, and you can then decide whether or not you want to connect with them. If both people agree to connect, the app will provide you with a chat room in order to communicate with your match.\"}},{\"@type\":\"Question\",\"name\":\"Are free hookup apps safe?\",\"acceptedAnswer\":{\"@type\":\"Answer\",\"text\":\"Are free hookup apps safe? That's a tough question to answer, as it depends on the app in question. Some apps are definitely more safe than others, but it's always important to be careful when using any app that involves meeting new people. Make sure you do your research before downloading any app, and read the reviews to get an idea of what other users have experienced. If you're still not sure, ask your friends for their recommendations.\"}},{\"@type\":\"Question\",\"name\":\"What are the best free hookup apps?\",\"acceptedAnswer\":{\"@type\":\"Answer\",\"text\":\"There are a lot of free hookup apps out there, but not all of them are created equal. In my opinion, the best free hookup app is Tinder. It's user-friendly, easy to use, and has a lot of features. Plus, it's free!\"}}]}<\/script><\/p>\n<h4>Quali sono le app di collegamento gratuite pi\u00f9 popolari?<\/h4>\n<p>Esistono numerose app di collegamento gratuite che sono popolari tra gli utenti. Alcuni dei pi\u00f9 popolari includono Tinder, Grindr e Happn. Queste app consentono agli utenti di connettersi con altri nella loro zona per appuntamenti o incontri casuali.<\/p>\n<h4>Come funzionano le app di collegamento gratuite?<\/h4>\n<p>Esistono diversi modi in cui funzionano le app di collegamento gratuite. Un modo \u00e8 che ti richiedono di registrarti e creare un account per utilizzare l&#8217;app. Ci\u00f2 richiede di fornire alcune informazioni personali, come il nome, l&#8217;indirizzo e-mail e l&#8217;et\u00e0. Dopo aver creato un account, puoi iniziare a utilizzare l&#8217;app.<\/p>\n<p>Un altro modo in cui funzionano le app di collegamento gratuite \u00e8 fornirti corrispondenze in base ai tuoi interessi e preferenze. L&#8217;app ti mostrer\u00e0 un elenco di potenziali corrispondenze e potrai quindi decidere se vuoi connetterti o meno con loro. Se entrambe le persone accettano di connettersi, l&#8217;app ti fornir\u00e0 una chat room per comunicare con la tua corrispondenza.<\/p>\n<h4>Le app di collegamento gratuite sono sicure?<\/h4>\n<p>Le app di collegamento gratuite sono sicure?<\/p>\n<p>Questa \u00e8 una domanda difficile a cui rispondere, in quanto dipende dall&#8217;app in questione. Alcune app sono sicuramente pi\u00f9 sicure di altre, ma \u00e8 sempre importante fare attenzione quando si utilizza qualsiasi app che comporta l&#8217;incontro di nuove persone. Assicurati di fare le tue ricerche prima di scaricare qualsiasi app e leggi le recensioni per avere un&#8217;idea di ci\u00f2 che altri utenti hanno vissuto. Se non sei ancora sicuro, chiedi ai tuoi amici i loro consigli.<\/p>\n<h4>Quali sono le migliori app di collegamento gratuite?<\/h4>\n<p>Ci sono molte app di collegamento gratuite l\u00e0 fuori, ma non tutte sono create uguali. A mio parere, la migliore app di collegamento gratuita \u00e8 Tinder. \u00c8 facile da usare, facile da usare e ha molte funzionalit\u00e0. Inoltre, \u00e8 gratis!<\/p>\n","protected":false},"excerpt":{"rendered":"<p>I single di appuntamenti casuali possono essere trovati su app di collegamento gratuite. Queste app consentono agli utenti di trovare potenziali partner per appuntamenti casuali&hellip;<\/p>\n","protected":false},"author":1,"featured_media":0,"parent":0,"menu_order":0,"comment_status":"closed","ping_status":"closed","template":"","meta":[],"yoast_head":"<!-- This site is optimized with the Yoast SEO plugin v17.7.1 - https:\/\/yoast.com\/wordpress\/plugins\/seo\/ -->\n<title>App di collegamento gratuite - Meadows<\/title>\n<meta name=\"robots\" content=\"index, follow, max-snippet:-1, max-image-preview:large, max-video-preview:-1\" \/>\n<link rel=\"canonical\" href=\"http:\/\/shanemeadows.co.uk\/it\/\" \/>\n<meta property=\"og:locale\" content=\"it_IT\" \/>\n<meta property=\"og:type\" content=\"article\" \/>\n<meta property=\"og:title\" content=\"App di collegamento gratuite - Meadows\" \/>\n<meta property=\"og:description\" content=\"I single di appuntamenti casuali possono essere trovati su app di collegamento gratuite. Queste app consentono agli utenti di trovare potenziali partner per appuntamenti casuali&hellip;\" \/>\n<meta property=\"og:url\" content=\"http:\/\/shanemeadows.co.uk\/it\/\" \/>\n<meta property=\"og:site_name\" content=\"Meadows\" \/>\n<meta property=\"article:modified_time\" content=\"2022-10-27T14:10:02+00:00\" \/>\n<meta property=\"og:image\" content=\"http:\/\/shanemeadows.co.uk\/wp-content\/uploads\/2022\/10\/adult-sex-websites.webp\" \/>\n<meta name=\"twitter:card\" content=\"summary_large_image\" \/>\n<meta name=\"twitter:label1\" content=\"Tempo di lettura stimato\" \/>\n\t<meta name=\"twitter:data1\" content=\"6 minuti\" \/>\n<script type=\"application\/ld+json\" class=\"yoast-schema-graph\">{\"@context\":\"https:\/\/schema.org\",\"@graph\":[{\"@type\":\"WebSite\",\"@id\":\"http:\/\/shanemeadows.co.uk\/it\/#website\",\"url\":\"http:\/\/shanemeadows.co.uk\/it\/\",\"name\":\"Meadows\",\"description\":\"Real Dating Reviews\",\"potentialAction\":[{\"@type\":\"SearchAction\",\"target\":{\"@type\":\"EntryPoint\",\"urlTemplate\":\"http:\/\/shanemeadows.co.uk\/it\/?s={search_term_string}\"},\"query-input\":\"required name=search_term_string\"}],\"inLanguage\":\"it-IT\"},{\"@type\":\"ImageObject\",\"@id\":\"http:\/\/shanemeadows.co.uk\/it\/#primaryimage\",\"inLanguage\":\"it-IT\",\"url\":\"http:\/\/shanemeadows.co.uk\/wp-content\/uploads\/2022\/10\/adult-sex-websites.webp\",\"contentUrl\":\"http:\/\/shanemeadows.co.uk\/wp-content\/uploads\/2022\/10\/adult-sex-websites.webp\",\"width\":1125,\"height\":750},{\"@type\":\"WebPage\",\"@id\":\"http:\/\/shanemeadows.co.uk\/it\/#webpage\",\"url\":\"http:\/\/shanemeadows.co.uk\/it\/\",\"name\":\"App di collegamento gratuite - Meadows\",\"isPartOf\":{\"@id\":\"http:\/\/shanemeadows.co.uk\/it\/#website\"},\"primaryImageOfPage\":{\"@id\":\"http:\/\/shanemeadows.co.uk\/it\/#primaryimage\"},\"datePublished\":\"2022-10-23T15:50:05+00:00\",\"dateModified\":\"2022-10-27T14:10:02+00:00\",\"breadcrumb\":{\"@id\":\"http:\/\/shanemeadows.co.uk\/it\/#breadcrumb\"},\"inLanguage\":\"it-IT\",\"potentialAction\":[{\"@type\":\"ReadAction\",\"target\":[\"http:\/\/shanemeadows.co.uk\/it\/\"]}]},{\"@type\":\"BreadcrumbList\",\"@id\":\"http:\/\/shanemeadows.co.uk\/it\/#breadcrumb\",\"itemListElement\":[{\"@type\":\"ListItem\",\"position\":1,\"name\":\"Home\",\"item\":\"http:\/\/shanemeadows.co.uk\/it\/\"},{\"@type\":\"ListItem\",\"position\":2,\"name\":\"App di collegamento gratuite\"}]}]}<\/script>\n<!-- \/ Yoast SEO plugin. -->","yoast_head_json":{"title":"App di collegamento gratuite - Meadows","robots":{"index":"index","follow":"follow","max-snippet":"max-snippet:-1","max-image-preview":"max-image-preview:large","max-video-preview":"max-video-preview:-1"},"canonical":"http:\/\/shanemeadows.co.uk\/it\/","og_locale":"it_IT","og_type":"article","og_title":"App di collegamento gratuite - Meadows","og_description":"I single di appuntamenti casuali possono essere trovati su app di collegamento gratuite. Queste app consentono agli utenti di trovare potenziali partner per appuntamenti casuali&hellip;","og_url":"http:\/\/shanemeadows.co.uk\/it\/","og_site_name":"Meadows","article_modified_time":"2022-10-27T14:10:02+00:00","og_image":[{"url":"http:\/\/shanemeadows.co.uk\/wp-content\/uploads\/2022\/10\/adult-sex-websites.webp"}],"twitter_card":"summary_large_image","twitter_misc":{"Tempo di lettura stimato":"6 minuti"},"schema":{"@context":"https:\/\/schema.org","@graph":[{"@type":"WebSite","@id":"http:\/\/shanemeadows.co.uk\/it\/#website","url":"http:\/\/shanemeadows.co.uk\/it\/","name":"Meadows","description":"Real Dating Reviews","potentialAction":[{"@type":"SearchAction","target":{"@type":"EntryPoint","urlTemplate":"http:\/\/shanemeadows.co.uk\/it\/?s={search_term_string}"},"query-input":"required name=search_term_string"}],"inLanguage":"it-IT"},{"@type":"ImageObject","@id":"http:\/\/shanemeadows.co.uk\/it\/#primaryimage","inLanguage":"it-IT","url":"http:\/\/shanemeadows.co.uk\/wp-content\/uploads\/2022\/10\/adult-sex-websites.webp","contentUrl":"http:\/\/shanemeadows.co.uk\/wp-content\/uploads\/2022\/10\/adult-sex-websites.webp","width":1125,"height":750},{"@type":"WebPage","@id":"http:\/\/shanemeadows.co.uk\/it\/#webpage","url":"http:\/\/shanemeadows.co.uk\/it\/","name":"App di collegamento gratuite - Meadows","isPartOf":{"@id":"http:\/\/shanemeadows.co.uk\/it\/#website"},"primaryImageOfPage":{"@id":"http:\/\/shanemeadows.co.uk\/it\/#primaryimage"},"datePublished":"2022-10-23T15:50:05+00:00","dateModified":"2022-10-27T14:10:02+00:00","breadcrumb":{"@id":"http:\/\/shanemeadows.co.uk\/it\/#breadcrumb"},"inLanguage":"it-IT","potentialAction":[{"@type":"ReadAction","target":["http:\/\/shanemeadows.co.uk\/it\/"]}]},{"@type":"BreadcrumbList","@id":"http:\/\/shanemeadows.co.uk\/it\/#breadcrumb","itemListElement":[{"@type":"ListItem","position":1,"name":"Home","item":"http:\/\/shanemeadows.co.uk\/it\/"},{"@type":"ListItem","position":2,"name":"App di collegamento gratuite"}]}]}},"_links":{"self":[{"href":"http:\/\/shanemeadows.co.uk\/it\/wp-json\/wp\/v2\/pages\/121"}],"collection":[{"href":"http:\/\/shanemeadows.co.uk\/it\/wp-json\/wp\/v2\/pages"}],"about":[{"href":"http:\/\/shanemeadows.co.uk\/it\/wp-json\/wp\/v2\/types\/page"}],"author":[{"embeddable":true,"href":"http:\/\/shanemeadows.co.uk\/it\/wp-json\/wp\/v2\/users\/1"}],"replies":[{"embeddable":true,"href":"http:\/\/shanemeadows.co.uk\/it\/wp-json\/wp\/v2\/comments?post=121"}],"version-history":[{"count":1,"href":"http:\/\/shanemeadows.co.uk\/it\/wp-json\/wp\/v2\/pages\/121\/revisions"}],"predecessor-version":[{"id":221,"href":"http:\/\/shanemeadows.co.uk\/it\/wp-json\/wp\/v2\/pages\/121\/revisions\/221"}],"wp:attachment":[{"href":"http:\/\/shanemeadows.co.uk\/it\/wp-json\/wp\/v2\/media?parent=121"}],"curies":[{"name":"wp","href":"https:\/\/api.w.org\/{rel}","templated":true}]}}